{"id":166,"date":"2024-11-13T10:18:48","date_gmt":"2024-11-13T09:18:48","guid":{"rendered":"https:\/\/mimo-design.fr\/?page_id=166"},"modified":"2024-12-04T12:47:40","modified_gmt":"2024-12-04T11:47:40","slug":"accessoirisation","status":"publish","type":"page","link":"https:\/\/mimo-design.fr\/index.php\/92-2\/accessoirisation\/","title":{"rendered":"Accessoirisation"},"content":{"rendered":"<div class=\"wp-block-image is-style-rounded\">\n<figure class=\"aligncenter size-full is-resized\"><img loading=\"lazy\" decoding=\"async\" width=\"584\" height=\"586\" src=\"https:\/\/mimo-design.fr\/wp-content\/uploads\/2024\/11\/Accessoir-3-edited-4.png\" alt=\"Transformez vos v\u00e9hicules avec notre expertise en conception 3D. Que vous soyez une entreprise cherchant \u00e0 renforcer l'image de marque ou un particulier d\u00e9sireux de personnaliser votre v\u00e9hicule, nous offrons des solutions sur mesure. Gr\u00e2ce \u00e0 des technologies de pointe, nous cr\u00e9ons des accessoires qui allient innovation, esth\u00e9tisme et fonctionnalit\u00e9, assurant une int\u00e9gration parfaite et une satisfaction totale.\n\nRejoignez-nous pour faire de vos id\u00e9es une r\u00e9alit\u00e9 sur la route.\n\" class=\"wp-image-211\" style=\"width:208px;height:auto\" srcset=\"https:\/\/mimo-design.fr\/wp-content\/uploads\/2024\/11\/Accessoir-3-edited-4.png 584w, https:\/\/mimo-design.fr\/wp-content\/uploads\/2024\/11\/Accessoir-3-edited-4-300x300.png 300w, https:\/\/mimo-design.fr\/wp-content\/uploads\/2024\/11\/Accessoir-3-edited-4-150x150.png 150w\" sizes=\"auto, (max-width: 584px) 100vw, 584px\" \/><\/figure>\n<\/div>\n\n\n<div class=\"wp-block-group alignwide has-primary-color has-text-color has-link-color has-small-font-size wp-elements-90b5a6033be2287f4a3b332bf8ea763a\"><div class=\"wp-block-group__inner-container is-layout-constrained wp-block-group-is-layout-constrained\">\n<h4 class=\"wp-block-heading alignwide\"><strong>Transformez vos v\u00e9hicules avec notre expertise en conception 3D.                                 Que vous soyez une entreprise cherchant \u00e0 renforcer l&#8217;image de marque ou un particulier d\u00e9sireux de personnaliser votre v\u00e9hicule, nous offrons des solutions sur mesure.                                                                                                                                                        Gr\u00e2ce \u00e0 des technologies de pointe, nous cr\u00e9ons des accessoires qui allient innovation, esth\u00e9tisme et fonctionnalit\u00e9, assurant une int\u00e9gration parfaite et une satisfaction totale.                                                                                                                                                        Rejoignez nous pour faire de vos id\u00e9es une r\u00e9alit\u00e9 sur la route. <\/strong><\/h4>\n<\/div><\/div>\n\n\n\n<figure class=\"wp-block-gallery has-nested-images columns-default is-cropped wp-block-gallery-1 is-layout-flex wp-block-gallery-is-layout-flex\">\n<figure class=\"wp-block-image size-large\"><img loading=\"lazy\" decoding=\"async\" width=\"1024\" height=\"576\" data-id=\"314\" src=\"https:\/\/mimo-design.fr\/wp-content\/uploads\/2024\/12\/Projet-NEO-2-1024x576.png\" alt=\"\" class=\"wp-image-314\" srcset=\"https:\/\/mimo-design.fr\/wp-content\/uploads\/2024\/12\/Projet-NEO-2-1024x576.png 1024w, https:\/\/mimo-design.fr\/wp-content\/uploads\/2024\/12\/Projet-NEO-2-300x169.png 300w, https:\/\/mimo-design.fr\/wp-content\/uploads\/2024\/12\/Projet-NEO-2-768x432.png 768w, https:\/\/mimo-design.fr\/wp-content\/uploads\/2024\/12\/Projet-NEO-2-1536x864.png 1536w, https:\/\/mimo-design.fr\/wp-content\/uploads\/2024\/12\/Projet-NEO-2-2048x1152.png 2048w, https:\/\/mimo-design.fr\/wp-content\/uploads\/2024\/12\/Projet-NEO-2-1200x675.png 1200w, https:\/\/mimo-design.fr\/wp-content\/uploads\/2024\/12\/Projet-NEO-2-1980x1114.png 1980w\" sizes=\"auto, (max-width: 1024px) 100vw, 1024px\" \/><\/figure>\n\n\n\n<figure class=\"wp-block-image size-large\"><img loading=\"lazy\" decoding=\"async\" width=\"1024\" height=\"576\" data-id=\"313\" src=\"https:\/\/mimo-design.fr\/wp-content\/uploads\/2024\/12\/Projet-NEO-3-1024x576.png\" alt=\"\" class=\"wp-image-313\" srcset=\"https:\/\/mimo-design.fr\/wp-content\/uploads\/2024\/12\/Projet-NEO-3-1024x576.png 1024w, https:\/\/mimo-design.fr\/wp-content\/uploads\/2024\/12\/Projet-NEO-3-300x169.png 300w, https:\/\/mimo-design.fr\/wp-content\/uploads\/2024\/12\/Projet-NEO-3-768x432.png 768w, https:\/\/mimo-design.fr\/wp-content\/uploads\/2024\/12\/Projet-NEO-3-1536x864.png 1536w, https:\/\/mimo-design.fr\/wp-content\/uploads\/2024\/12\/Projet-NEO-3-2048x1152.png 2048w, https:\/\/mimo-design.fr\/wp-content\/uploads\/2024\/12\/Projet-NEO-3-1200x675.png 1200w, https:\/\/mimo-design.fr\/wp-content\/uploads\/2024\/12\/Projet-NEO-3-1980x1114.png 1980w\" sizes=\"auto, (max-width: 1024px) 100vw, 1024px\" \/><\/figure>\n\n\n\n<figure class=\"wp-block-image size-large\"><img loading=\"lazy\" decoding=\"async\" width=\"1024\" height=\"576\" data-id=\"315\" src=\"https:\/\/mimo-design.fr\/wp-content\/uploads\/2024\/12\/R-T-4-3-1024x576.png\" alt=\"\" class=\"wp-image-315\" srcset=\"https:\/\/mimo-design.fr\/wp-content\/uploads\/2024\/12\/R-T-4-3-1024x576.png 1024w, https:\/\/mimo-design.fr\/wp-content\/uploads\/2024\/12\/R-T-4-3-300x169.png 300w, https:\/\/mimo-design.fr\/wp-content\/uploads\/2024\/12\/R-T-4-3-768x432.png 768w, https:\/\/mimo-design.fr\/wp-content\/uploads\/2024\/12\/R-T-4-3-1536x864.png 1536w, https:\/\/mimo-design.fr\/wp-content\/uploads\/2024\/12\/R-T-4-3-2048x1152.png 2048w, https:\/\/mimo-design.fr\/wp-content\/uploads\/2024\/12\/R-T-4-3-1200x675.png 1200w, https:\/\/mimo-design.fr\/wp-content\/uploads\/2024\/12\/R-T-4-3-1980x1114.png 1980w\" sizes=\"auto, (max-width: 1024px) 100vw, 1024px\" \/><\/figure>\n\n\n\n<figure class=\"wp-block-image size-large\"><img loading=\"lazy\" decoding=\"async\" width=\"1024\" height=\"576\" data-id=\"316\" src=\"https:\/\/mimo-design.fr\/wp-content\/uploads\/2024\/12\/R-T-10-2-1024x576.png\" alt=\"\" class=\"wp-image-316\" srcset=\"https:\/\/mimo-design.fr\/wp-content\/uploads\/2024\/12\/R-T-10-2-1024x576.png 1024w, https:\/\/mimo-design.fr\/wp-content\/uploads\/2024\/12\/R-T-10-2-300x169.png 300w, https:\/\/mimo-design.fr\/wp-content\/uploads\/2024\/12\/R-T-10-2-768x432.png 768w, https:\/\/mimo-design.fr\/wp-content\/uploads\/2024\/12\/R-T-10-2-1536x864.png 1536w, https:\/\/mimo-design.fr\/wp-content\/uploads\/2024\/12\/R-T-10-2-2048x1152.png 2048w, https:\/\/mimo-design.fr\/wp-content\/uploads\/2024\/12\/R-T-10-2-1200x675.png 1200w, https:\/\/mimo-design.fr\/wp-content\/uploads\/2024\/12\/R-T-10-2-1980x1114.png 1980w\" sizes=\"auto, (max-width: 1024px) 100vw, 1024px\" \/><\/figure>\n\n\n\n<figure class=\"wp-block-image size-large\"><img loading=\"lazy\" decoding=\"async\" width=\"1024\" height=\"576\" data-id=\"317\" src=\"https:\/\/mimo-design.fr\/wp-content\/uploads\/2024\/12\/R-T-10-3-1024x576.png\" alt=\"\" class=\"wp-image-317\" srcset=\"https:\/\/mimo-design.fr\/wp-content\/uploads\/2024\/12\/R-T-10-3-1024x576.png 1024w, https:\/\/mimo-design.fr\/wp-content\/uploads\/2024\/12\/R-T-10-3-300x169.png 300w, https:\/\/mimo-design.fr\/wp-content\/uploads\/2024\/12\/R-T-10-3-768x432.png 768w, https:\/\/mimo-design.fr\/wp-content\/uploads\/2024\/12\/R-T-10-3-1536x864.png 1536w, https:\/\/mimo-design.fr\/wp-content\/uploads\/2024\/12\/R-T-10-3-2048x1152.png 2048w, https:\/\/mimo-design.fr\/wp-content\/uploads\/2024\/12\/R-T-10-3-1200x675.png 1200w, https:\/\/mimo-design.fr\/wp-content\/uploads\/2024\/12\/R-T-10-3-1980x1114.png 1980w\" sizes=\"auto, (max-width: 1024px) 100vw, 1024px\" \/><\/figure>\n<\/figure>\n\n\n\n<figure class=\"wp-block-gallery has-nested-images columns-default is-cropped wp-block-gallery-2 is-layout-flex wp-block-gallery-is-layout-flex\">\n<figure class=\"wp-block-image size-large\"><img loading=\"lazy\" decoding=\"async\" width=\"601\" height=\"429\" data-id=\"319\" src=\"https:\/\/mimo-design.fr\/wp-content\/uploads\/2024\/12\/preview-2.png\" alt=\"\" class=\"wp-image-319\" srcset=\"https:\/\/mimo-design.fr\/wp-content\/uploads\/2024\/12\/preview-2.png 601w, https:\/\/mimo-design.fr\/wp-content\/uploads\/2024\/12\/preview-2-300x214.png 300w\" sizes=\"auto, (max-width: 601px) 100vw, 601px\" \/><\/figure>\n\n\n\n<figure class=\"wp-block-image size-large\"><img loading=\"lazy\" decoding=\"async\" width=\"601\" height=\"429\" data-id=\"320\" src=\"https:\/\/mimo-design.fr\/wp-content\/uploads\/2024\/12\/preview-3.png\" alt=\"\" class=\"wp-image-320\" srcset=\"https:\/\/mimo-design.fr\/wp-content\/uploads\/2024\/12\/preview-3.png 601w, https:\/\/mimo-design.fr\/wp-content\/uploads\/2024\/12\/preview-3-300x214.png 300w\" sizes=\"auto, (max-width: 601px) 100vw, 601px\" \/><\/figure>\n\n\n\n<figure class=\"wp-block-image size-large\"><img loading=\"lazy\" decoding=\"async\" width=\"601\" height=\"429\" data-id=\"323\" src=\"https:\/\/mimo-design.fr\/wp-content\/uploads\/2024\/12\/preview-5.png\" alt=\"\" class=\"wp-image-323\" srcset=\"https:\/\/mimo-design.fr\/wp-content\/uploads\/2024\/12\/preview-5.png 601w, https:\/\/mimo-design.fr\/wp-content\/uploads\/2024\/12\/preview-5-300x214.png 300w\" sizes=\"auto, (max-width: 601px) 100vw, 601px\" \/><\/figure>\n<\/figure>\n\n\n\n<figure class=\"wp-block-gallery has-nested-images columns-default is-cropped wp-block-gallery-3 is-layout-flex wp-block-gallery-is-layout-flex\">\n<figure class=\"wp-block-image size-large\"><img loading=\"lazy\" decoding=\"async\" width=\"1024\" height=\"768\" data-id=\"324\" src=\"https:\/\/mimo-design.fr\/wp-content\/uploads\/2024\/12\/Frb-Trans-1-1024x768.png\" alt=\"\" class=\"wp-image-324\" srcset=\"https:\/\/mimo-design.fr\/wp-content\/uploads\/2024\/12\/Frb-Trans-1-1024x768.png 1024w, https:\/\/mimo-design.fr\/wp-content\/uploads\/2024\/12\/Frb-Trans-1-300x225.png 300w, https:\/\/mimo-design.fr\/wp-content\/uploads\/2024\/12\/Frb-Trans-1-768x576.png 768w, https:\/\/mimo-design.fr\/wp-content\/uploads\/2024\/12\/Frb-Trans-1-1536x1152.png 1536w, https:\/\/mimo-design.fr\/wp-content\/uploads\/2024\/12\/Frb-Trans-1-1200x900.png 1200w, https:\/\/mimo-design.fr\/wp-content\/uploads\/2024\/12\/Frb-Trans-1-1980x1485.png 1980w, https:\/\/mimo-design.fr\/wp-content\/uploads\/2024\/12\/Frb-Trans-1.png 2000w\" sizes=\"auto, (max-width: 1024px) 100vw, 1024px\" \/><\/figure>\n\n\n\n<figure class=\"wp-block-image size-large\"><img loading=\"lazy\" decoding=\"async\" width=\"1024\" height=\"768\" data-id=\"325\" src=\"https:\/\/mimo-design.fr\/wp-content\/uploads\/2024\/12\/Frb-Trans-3-1024x768.png\" alt=\"\" class=\"wp-image-325\" srcset=\"https:\/\/mimo-design.fr\/wp-content\/uploads\/2024\/12\/Frb-Trans-3-1024x768.png 1024w, https:\/\/mimo-design.fr\/wp-content\/uploads\/2024\/12\/Frb-Trans-3-300x225.png 300w, https:\/\/mimo-design.fr\/wp-content\/uploads\/2024\/12\/Frb-Trans-3-768x576.png 768w, https:\/\/mimo-design.fr\/wp-content\/uploads\/2024\/12\/Frb-Trans-3-1536x1152.png 1536w, https:\/\/mimo-design.fr\/wp-content\/uploads\/2024\/12\/Frb-Trans-3-1200x900.png 1200w, https:\/\/mimo-design.fr\/wp-content\/uploads\/2024\/12\/Frb-Trans-3-1980x1485.png 1980w, https:\/\/mimo-design.fr\/wp-content\/uploads\/2024\/12\/Frb-Trans-3.png 2000w\" sizes=\"auto, (max-width: 1024px) 100vw, 1024px\" \/><\/figure>\n\n\n\n<figure class=\"wp-block-image size-large\"><img loading=\"lazy\" decoding=\"async\" width=\"1024\" height=\"768\" data-id=\"326\" src=\"https:\/\/mimo-design.fr\/wp-content\/uploads\/2024\/12\/Frb-Trans-4-1024x768.png\" alt=\"\" class=\"wp-image-326\" srcset=\"https:\/\/mimo-design.fr\/wp-content\/uploads\/2024\/12\/Frb-Trans-4-1024x768.png 1024w, https:\/\/mimo-design.fr\/wp-content\/uploads\/2024\/12\/Frb-Trans-4-300x225.png 300w, https:\/\/mimo-design.fr\/wp-content\/uploads\/2024\/12\/Frb-Trans-4-768x576.png 768w, https:\/\/mimo-design.fr\/wp-content\/uploads\/2024\/12\/Frb-Trans-4-1536x1152.png 1536w, https:\/\/mimo-design.fr\/wp-content\/uploads\/2024\/12\/Frb-Trans-4-1200x900.png 1200w, https:\/\/mimo-design.fr\/wp-content\/uploads\/2024\/12\/Frb-Trans-4-1980x1485.png 1980w, https:\/\/mimo-design.fr\/wp-content\/uploads\/2024\/12\/Frb-Trans-4.png 2000w\" sizes=\"auto, (max-width: 1024px) 100vw, 1024px\" \/><\/figure>\n<\/figure>\n\n\n\n<figure class=\"wp-block-gallery has-nested-images columns-default is-cropped wp-block-gallery-4 is-layout-flex wp-block-gallery-is-layout-flex\">\n<figure class=\"wp-block-image size-large\"><img loading=\"lazy\" decoding=\"async\" width=\"1024\" height=\"683\" data-id=\"328\" src=\"https:\/\/mimo-design.fr\/wp-content\/uploads\/2024\/12\/Montage-moto-1-1024x683.png\" alt=\"\" class=\"wp-image-328\" srcset=\"https:\/\/mimo-design.fr\/wp-content\/uploads\/2024\/12\/Montage-moto-1-1024x683.png 1024w, https:\/\/mimo-design.fr\/wp-content\/uploads\/2024\/12\/Montage-moto-1-300x200.png 300w, https:\/\/mimo-design.fr\/wp-content\/uploads\/2024\/12\/Montage-moto-1-768x512.png 768w, https:\/\/mimo-design.fr\/wp-content\/uploads\/2024\/12\/Montage-moto-1.png 1200w\" sizes=\"auto, (max-width: 1024px) 100vw, 1024px\" \/><\/figure>\n\n\n\n<figure class=\"wp-block-image size-large\"><img loading=\"lazy\" decoding=\"async\" width=\"1024\" height=\"683\" data-id=\"327\" src=\"https:\/\/mimo-design.fr\/wp-content\/uploads\/2024\/12\/Montage-moto-2-1024x683.png\" alt=\"\" class=\"wp-image-327\" srcset=\"https:\/\/mimo-design.fr\/wp-content\/uploads\/2024\/12\/Montage-moto-2-1024x683.png 1024w, https:\/\/mimo-design.fr\/wp-content\/uploads\/2024\/12\/Montage-moto-2-300x200.png 300w, https:\/\/mimo-design.fr\/wp-content\/uploads\/2024\/12\/Montage-moto-2-768x512.png 768w, https:\/\/mimo-design.fr\/wp-content\/uploads\/2024\/12\/Montage-moto-2.png 1200w\" sizes=\"auto, (max-width: 1024px) 100vw, 1024px\" \/><\/figure>\n\n\n\n<figure class=\"wp-block-image size-large\"><img loading=\"lazy\" decoding=\"async\" width=\"1024\" height=\"683\" data-id=\"329\" src=\"https:\/\/mimo-design.fr\/wp-content\/uploads\/2024\/12\/Montage-moto-3-1024x683.png\" alt=\"\" class=\"wp-image-329\" srcset=\"https:\/\/mimo-design.fr\/wp-content\/uploads\/2024\/12\/Montage-moto-3-1024x683.png 1024w, https:\/\/mimo-design.fr\/wp-content\/uploads\/2024\/12\/Montage-moto-3-300x200.png 300w, https:\/\/mimo-design.fr\/wp-content\/uploads\/2024\/12\/Montage-moto-3-768x512.png 768w, https:\/\/mimo-design.fr\/wp-content\/uploads\/2024\/12\/Montage-moto-3.png 1200w\" sizes=\"auto, (max-width: 1024px) 100vw, 1024px\" \/><\/figure>\n<\/figure>\n\n\n\n<figure class=\"wp-block-gallery has-nested-images columns-default is-cropped wp-block-gallery-5 is-layout-flex wp-block-gallery-is-layout-flex\">\n<figure class=\"wp-block-image size-large\"><img loading=\"lazy\" decoding=\"async\" width=\"1024\" height=\"683\" data-id=\"330\" src=\"https:\/\/mimo-design.fr\/wp-content\/uploads\/2024\/12\/cafra-22-1024x683.jpg\" alt=\"\" class=\"wp-image-330\" srcset=\"https:\/\/mimo-design.fr\/wp-content\/uploads\/2024\/12\/cafra-22-1024x683.jpg 1024w, https:\/\/mimo-design.fr\/wp-content\/uploads\/2024\/12\/cafra-22-300x200.jpg 300w, https:\/\/mimo-design.fr\/wp-content\/uploads\/2024\/12\/cafra-22-768x512.jpg 768w, https:\/\/mimo-design.fr\/wp-content\/uploads\/2024\/12\/cafra-22.jpg 1200w\" sizes=\"auto, (max-width: 1024px) 100vw, 1024px\" \/><\/figure>\n\n\n\n<figure class=\"wp-block-image size-large\"><img loading=\"lazy\" decoding=\"async\" width=\"1024\" height=\"569\" data-id=\"331\" src=\"https:\/\/mimo-design.fr\/wp-content\/uploads\/2024\/12\/cafra-29-1024x569.png\" alt=\"\" class=\"wp-image-331\" srcset=\"https:\/\/mimo-design.fr\/wp-content\/uploads\/2024\/12\/cafra-29-1024x569.png 1024w, https:\/\/mimo-design.fr\/wp-content\/uploads\/2024\/12\/cafra-29-300x167.png 300w, https:\/\/mimo-design.fr\/wp-content\/uploads\/2024\/12\/cafra-29-768x427.png 768w, https:\/\/mimo-design.fr\/wp-content\/uploads\/2024\/12\/cafra-29-1536x853.png 1536w, https:\/\/mimo-design.fr\/wp-content\/uploads\/2024\/12\/cafra-29-1200x667.png 1200w, https:\/\/mimo-design.fr\/wp-content\/uploads\/2024\/12\/cafra-29.png 1800w\" sizes=\"auto, (max-width: 1024px) 100vw, 1024px\" \/><\/figure>\n\n\n\n<figure class=\"wp-block-image size-large\"><img loading=\"lazy\" decoding=\"async\" width=\"1024\" height=\"569\" data-id=\"332\" src=\"https:\/\/mimo-design.fr\/wp-content\/uploads\/2024\/12\/cafra-30-1024x569.png\" alt=\"\" class=\"wp-image-332\" srcset=\"https:\/\/mimo-design.fr\/wp-content\/uploads\/2024\/12\/cafra-30-1024x569.png 1024w, https:\/\/mimo-design.fr\/wp-content\/uploads\/2024\/12\/cafra-30-300x167.png 300w, https:\/\/mimo-design.fr\/wp-content\/uploads\/2024\/12\/cafra-30-768x427.png 768w, https:\/\/mimo-design.fr\/wp-content\/uploads\/2024\/12\/cafra-30-1536x853.png 1536w, https:\/\/mimo-design.fr\/wp-content\/uploads\/2024\/12\/cafra-30-1200x667.png 1200w, https:\/\/mimo-design.fr\/wp-content\/uploads\/2024\/12\/cafra-30.png 1800w\" sizes=\"auto, (max-width: 1024px) 100vw, 1024px\" \/><\/figure>\n<\/figure>\n\n\n\n<figure class=\"wp-block-gallery has-nested-images columns-default is-cropped wp-block-gallery-6 is-layout-flex wp-block-gallery-is-layout-flex\">\n<figure class=\"wp-block-image size-large\"><img loading=\"lazy\" decoding=\"async\" width=\"800\" height=\"800\" data-id=\"333\" src=\"https:\/\/mimo-design.fr\/wp-content\/uploads\/2024\/12\/accessoir-1.png\" alt=\"\" class=\"wp-image-333\" srcset=\"https:\/\/mimo-design.fr\/wp-content\/uploads\/2024\/12\/accessoir-1.png 800w, https:\/\/mimo-design.fr\/wp-content\/uploads\/2024\/12\/accessoir-1-300x300.png 300w, https:\/\/mimo-design.fr\/wp-content\/uploads\/2024\/12\/accessoir-1-150x150.png 150w, https:\/\/mimo-design.fr\/wp-content\/uploads\/2024\/12\/accessoir-1-768x768.png 768w\" sizes=\"auto, (max-width: 800px) 100vw, 800px\" \/><\/figure>\n\n\n\n<figure class=\"wp-block-image size-large\"><img loading=\"lazy\" decoding=\"async\" width=\"1024\" height=\"680\" data-id=\"334\" src=\"https:\/\/mimo-design.fr\/wp-content\/uploads\/2024\/12\/Couvre-Te-2-1024x680.jpg\" alt=\"\" class=\"wp-image-334\" srcset=\"https:\/\/mimo-design.fr\/wp-content\/uploads\/2024\/12\/Couvre-Te-2-1024x680.jpg 1024w, https:\/\/mimo-design.fr\/wp-content\/uploads\/2024\/12\/Couvre-Te-2-300x199.jpg 300w, https:\/\/mimo-design.fr\/wp-content\/uploads\/2024\/12\/Couvre-Te-2-768x510.jpg 768w, https:\/\/mimo-design.fr\/wp-content\/uploads\/2024\/12\/Couvre-Te-2-1200x797.jpg 1200w, https:\/\/mimo-design.fr\/wp-content\/uploads\/2024\/12\/Couvre-Te-2.jpg 1500w\" sizes=\"auto, (max-width: 1024px) 100vw, 1024px\" \/><\/figure>\n\n\n\n<figure class=\"wp-block-image size-large\"><img loading=\"lazy\" decoding=\"async\" width=\"1024\" height=\"680\" data-id=\"335\" src=\"https:\/\/mimo-design.fr\/wp-content\/uploads\/2024\/12\/Couvre-Te-1-1024x680.jpg\" alt=\"\" class=\"wp-image-335\" srcset=\"https:\/\/mimo-design.fr\/wp-content\/uploads\/2024\/12\/Couvre-Te-1-1024x680.jpg 1024w, https:\/\/mimo-design.fr\/wp-content\/uploads\/2024\/12\/Couvre-Te-1-300x199.jpg 300w, https:\/\/mimo-design.fr\/wp-content\/uploads\/2024\/12\/Couvre-Te-1-768x510.jpg 768w, https:\/\/mimo-design.fr\/wp-content\/uploads\/2024\/12\/Couvre-Te-1-1200x797.jpg 1200w, https:\/\/mimo-design.fr\/wp-content\/uploads\/2024\/12\/Couvre-Te-1.jpg 1500w\" sizes=\"auto, (max-width: 1024px) 100vw, 1024px\" \/><\/figure>\n<\/figure>\n\n\n\n<figure class=\"wp-block-gallery has-nested-images columns-default is-cropped wp-block-gallery-7 is-layout-flex wp-block-gallery-is-layout-flex\">\n<figure class=\"wp-block-image size-large\"><img loading=\"lazy\" decoding=\"async\" width=\"1024\" height=\"576\" data-id=\"336\" src=\"https:\/\/mimo-design.fr\/wp-content\/uploads\/2024\/12\/beetle-5-1024x576.png\" alt=\"\" class=\"wp-image-336\" srcset=\"https:\/\/mimo-design.fr\/wp-content\/uploads\/2024\/12\/beetle-5-1024x576.png 1024w, https:\/\/mimo-design.fr\/wp-content\/uploads\/2024\/12\/beetle-5-300x169.png 300w, https:\/\/mimo-design.fr\/wp-content\/uploads\/2024\/12\/beetle-5-768x432.png 768w, https:\/\/mimo-design.fr\/wp-content\/uploads\/2024\/12\/beetle-5-1536x864.png 1536w, https:\/\/mimo-design.fr\/wp-content\/uploads\/2024\/12\/beetle-5-2048x1152.png 2048w, https:\/\/mimo-design.fr\/wp-content\/uploads\/2024\/12\/beetle-5-1200x675.png 1200w, https:\/\/mimo-design.fr\/wp-content\/uploads\/2024\/12\/beetle-5-1980x1114.png 1980w\" sizes=\"auto, (max-width: 1024px) 100vw, 1024px\" \/><\/figure>\n\n\n\n<figure class=\"wp-block-image size-large\"><img loading=\"lazy\" decoding=\"async\" width=\"1024\" height=\"576\" data-id=\"338\" src=\"https:\/\/mimo-design.fr\/wp-content\/uploads\/2024\/12\/rang-4-1024x576.png\" alt=\"\" class=\"wp-image-338\" srcset=\"https:\/\/mimo-design.fr\/wp-content\/uploads\/2024\/12\/rang-4-1024x576.png 1024w, https:\/\/mimo-design.fr\/wp-content\/uploads\/2024\/12\/rang-4-300x169.png 300w, https:\/\/mimo-design.fr\/wp-content\/uploads\/2024\/12\/rang-4-768x432.png 768w, https:\/\/mimo-design.fr\/wp-content\/uploads\/2024\/12\/rang-4-1536x864.png 1536w, https:\/\/mimo-design.fr\/wp-content\/uploads\/2024\/12\/rang-4-2048x1152.png 2048w, https:\/\/mimo-design.fr\/wp-content\/uploads\/2024\/12\/rang-4-1200x675.png 1200w, https:\/\/mimo-design.fr\/wp-content\/uploads\/2024\/12\/rang-4-1980x1114.png 1980w\" sizes=\"auto, (max-width: 1024px) 100vw, 1024px\" \/><\/figure>\n\n\n\n<figure class=\"wp-block-image size-large\"><img loading=\"lazy\" decoding=\"async\" width=\"1024\" height=\"791\" data-id=\"337\" src=\"https:\/\/mimo-design.fr\/wp-content\/uploads\/2024\/12\/rang-dav-3-1024x791.jpg\" alt=\"\" class=\"wp-image-337\" srcset=\"https:\/\/mimo-design.fr\/wp-content\/uploads\/2024\/12\/rang-dav-3-1024x791.jpg 1024w, https:\/\/mimo-design.fr\/wp-content\/uploads\/2024\/12\/rang-dav-3-300x232.jpg 300w, https:\/\/mimo-design.fr\/wp-content\/uploads\/2024\/12\/rang-dav-3-768x593.jpg 768w, https:\/\/mimo-design.fr\/wp-content\/uploads\/2024\/12\/rang-dav-3-1536x1187.jpg 1536w, https:\/\/mimo-design.fr\/wp-content\/uploads\/2024\/12\/rang-dav-3-1200x927.jpg 1200w, https:\/\/mimo-design.fr\/wp-content\/uploads\/2024\/12\/rang-dav-3.jpg 1820w\" sizes=\"auto, (max-width: 1024px) 100vw, 1024px\" \/><\/figure>\n<\/figure>\n","protected":false},"excerpt":{"rendered":"<p>Transformez vos v\u00e9hicules avec notre expertise en conception 3D. Que vous soyez une entreprise cherchant \u00e0 renforcer l&#8217;image de marque ou un particulier d\u00e9sireux de personnaliser votre v\u00e9hicule, nous offrons des solutions sur mesure. Gr\u00e2ce \u00e0 des technologies de pointe, nous cr\u00e9ons des accessoires qui allient innovation, esth\u00e9tisme et fonctionnalit\u00e9, assurant une int\u00e9gration parfaite et [&hellip;]<\/p>\n","protected":false},"author":1,"featured_media":0,"parent":92,"menu_order":0,"comment_status":"closed","ping_status":"closed","template":"","meta":{"footnotes":""},"class_list":["post-166","page","type-page","status-publish","hentry"],"_links":{"self":[{"href":"https:\/\/mimo-design.fr\/index.php\/wp-json\/wp\/v2\/pages\/166","targetHints":{"allow":["GET"]}}],"collection":[{"href":"https:\/\/mimo-design.fr\/index.php\/wp-json\/wp\/v2\/pages"}],"about":[{"href":"https:\/\/mimo-design.fr\/index.php\/wp-json\/wp\/v2\/types\/page"}],"author":[{"embeddable":true,"href":"https:\/\/mimo-design.fr\/index.php\/wp-json\/wp\/v2\/users\/1"}],"replies":[{"embeddable":true,"href":"https:\/\/mimo-design.fr\/index.php\/wp-json\/wp\/v2\/comments?post=166"}],"version-history":[{"count":11,"href":"https:\/\/mimo-design.fr\/index.php\/wp-json\/wp\/v2\/pages\/166\/revisions"}],"predecessor-version":[{"id":339,"href":"https:\/\/mimo-design.fr\/index.php\/wp-json\/wp\/v2\/pages\/166\/revisions\/339"}],"up":[{"embeddable":true,"href":"https:\/\/mimo-design.fr\/index.php\/wp-json\/wp\/v2\/pages\/92"}],"wp:attachment":[{"href":"https:\/\/mimo-design.fr\/index.php\/wp-json\/wp\/v2\/media?parent=166"}],"curies":[{"name":"wp","href":"https:\/\/api.w.org\/{rel}","templated":true}]}}