{"id":206,"date":"2024-11-13T11:16:49","date_gmt":"2024-11-13T10:16:49","guid":{"rendered":"https:\/\/mimo-design.fr\/?page_id=206"},"modified":"2024-11-13T12:17:38","modified_gmt":"2024-11-13T11:17:38","slug":"amenagement-dexterieur-et-permis-de-travaux-en-3d-3","status":"publish","type":"page","link":"https:\/\/mimo-design.fr\/index.php\/amenagement-dexterieur-et-permis-de-travaux-en-3d-3\/","title":{"rendered":"Am\u00e9nagement d&#8217;Ext\u00e9rieur et Permis de Travaux en 3D"},"content":{"rendered":"<div class=\"wp-block-image is-style-rounded\">\n<figure class=\"aligncenter size-full is-resized\"><img loading=\"lazy\" decoding=\"async\" width=\"533\" height=\"535\" src=\"http:\/\/mimo-design.fr\/wp-content\/uploads\/2024\/11\/permis-de-travaux-8-edited-1.png\" alt=\"\" class=\"wp-image-202\" style=\"width:259px;height:auto\" srcset=\"https:\/\/mimo-design.fr\/wp-content\/uploads\/2024\/11\/permis-de-travaux-8-edited-1.png 533w, https:\/\/mimo-design.fr\/wp-content\/uploads\/2024\/11\/permis-de-travaux-8-edited-1-300x300.png 300w, https:\/\/mimo-design.fr\/wp-content\/uploads\/2024\/11\/permis-de-travaux-8-edited-1-150x150.png 150w\" sizes=\"auto, (max-width: 533px) 100vw, 533px\" \/><\/figure>\n<\/div>\n\n\n<h4 class=\"wp-block-heading alignwide has-primary-color has-text-color has-link-color wp-elements-3e5a0e48dadd5e93420e97404059c345\">Transformez vos espaces ext\u00e9rieurs avec notre service de conception en 3D.                   Nous cr\u00e9ons des visualisations r\u00e9alistes pour vos projets d&#8217;am\u00e9nagement et vous accompagnons dans l&#8217;obtention de permis de travaux.                                                                    Que vous soyez particulier ou professionnel, nos designs personnalis\u00e9s et d\u00e9taill\u00e9s assurent des r\u00e9sultats esth\u00e9tiques et conformes aux r\u00e9glementations.                          Faites de vos projets une r\u00e9alit\u00e9 avec la pr\u00e9cision de la 3D.<\/h4>\n\n\n\n<div class=\"wp-block-group is-layout-grid wp-container-core-group-is-layout-9649a0d9 wp-block-group-is-layout-grid\">\n<figure class=\"wp-block-image size-full wp-container-content-69bc4bdf\"><img loading=\"lazy\" decoding=\"async\" width=\"750\" height=\"750\" src=\"http:\/\/mimo-design.fr\/wp-content\/uploads\/2023\/11\/Maison-Lacoste-9-edited.jpg\" alt=\"\" class=\"wp-image-85\" srcset=\"https:\/\/mimo-design.fr\/wp-content\/uploads\/2023\/11\/Maison-Lacoste-9-edited.jpg 750w, https:\/\/mimo-design.fr\/wp-content\/uploads\/2023\/11\/Maison-Lacoste-9-edited-300x300.jpg 300w, https:\/\/mimo-design.fr\/wp-content\/uploads\/2023\/11\/Maison-Lacoste-9-edited-150x150.jpg 150w\" sizes=\"auto, (max-width: 750px) 100vw, 750px\" \/><\/figure>\n\n\n\n<figure class=\"wp-block-image size-full wp-container-content-69bc4bdf\"><img loading=\"lazy\" decoding=\"async\" width=\"1000\" height=\"750\" src=\"http:\/\/mimo-design.fr\/wp-content\/uploads\/2023\/11\/Maison-Lacoste-7.jpg\" alt=\"\" class=\"wp-image-43\" srcset=\"https:\/\/mimo-design.fr\/wp-content\/uploads\/2023\/11\/Maison-Lacoste-7.jpg 1000w, https:\/\/mimo-design.fr\/wp-content\/uploads\/2023\/11\/Maison-Lacoste-7-300x225.jpg 300w, https:\/\/mimo-design.fr\/wp-content\/uploads\/2023\/11\/Maison-Lacoste-7-768x576.jpg 768w\" sizes=\"auto, (max-width: 1000px) 100vw, 1000px\" \/><\/figure>\n\n\n\n<figure class=\"wp-block-image size-full\"><img loading=\"lazy\" decoding=\"async\" width=\"803\" height=\"533\" src=\"https:\/\/mimo-design.fr\/wp-content\/uploads\/2024\/11\/PT-Elsa-2.png\" alt=\"\" class=\"wp-image-241\" srcset=\"https:\/\/mimo-design.fr\/wp-content\/uploads\/2024\/11\/PT-Elsa-2.png 803w, https:\/\/mimo-design.fr\/wp-content\/uploads\/2024\/11\/PT-Elsa-2-300x199.png 300w, https:\/\/mimo-design.fr\/wp-content\/uploads\/2024\/11\/PT-Elsa-2-768x510.png 768w\" sizes=\"auto, (max-width: 803px) 100vw, 803px\" \/><\/figure>\n\n\n\n<figure class=\"wp-block-image size-full\"><img loading=\"lazy\" decoding=\"async\" width=\"800\" height=\"800\" src=\"http:\/\/mimo-design.fr\/wp-content\/uploads\/2023\/11\/Terrasse-Nico-face-avant.jpg\" alt=\"\" class=\"wp-image-72\" srcset=\"https:\/\/mimo-design.fr\/wp-content\/uploads\/2023\/11\/Terrasse-Nico-face-avant.jpg 800w, https:\/\/mimo-design.fr\/wp-content\/uploads\/2023\/11\/Terrasse-Nico-face-avant-300x300.jpg 300w, https:\/\/mimo-design.fr\/wp-content\/uploads\/2023\/11\/Terrasse-Nico-face-avant-150x150.jpg 150w, https:\/\/mimo-design.fr\/wp-content\/uploads\/2023\/11\/Terrasse-Nico-face-avant-768x768.jpg 768w\" sizes=\"auto, (max-width: 800px) 100vw, 800px\" \/><\/figure>\n\n\n\n<figure class=\"wp-block-image size-full\"><img loading=\"lazy\" decoding=\"async\" width=\"800\" height=\"800\" src=\"http:\/\/mimo-design.fr\/wp-content\/uploads\/2023\/11\/Terrasse-Nico-face-apres-2.jpg\" alt=\"\" class=\"wp-image-71\" srcset=\"https:\/\/mimo-design.fr\/wp-content\/uploads\/2023\/11\/Terrasse-Nico-face-apres-2.jpg 800w, https:\/\/mimo-design.fr\/wp-content\/uploads\/2023\/11\/Terrasse-Nico-face-apres-2-300x300.jpg 300w, https:\/\/mimo-design.fr\/wp-content\/uploads\/2023\/11\/Terrasse-Nico-face-apres-2-150x150.jpg 150w, https:\/\/mimo-design.fr\/wp-content\/uploads\/2023\/11\/Terrasse-Nico-face-apres-2-768x768.jpg 768w\" sizes=\"auto, (max-width: 800px) 100vw, 800px\" \/><\/figure>\n\n\n\n<figure class=\"wp-block-image size-full\"><img loading=\"lazy\" decoding=\"async\" width=\"800\" height=\"800\" src=\"https:\/\/mimo-design.fr\/wp-content\/uploads\/2024\/11\/Terrasse-Nico-12.png\" alt=\"\" class=\"wp-image-242\" srcset=\"https:\/\/mimo-design.fr\/wp-content\/uploads\/2024\/11\/Terrasse-Nico-12.png 800w, https:\/\/mimo-design.fr\/wp-content\/uploads\/2024\/11\/Terrasse-Nico-12-300x300.png 300w, https:\/\/mimo-design.fr\/wp-content\/uploads\/2024\/11\/Terrasse-Nico-12-150x150.png 150w, https:\/\/mimo-design.fr\/wp-content\/uploads\/2024\/11\/Terrasse-Nico-12-768x768.png 768w\" sizes=\"auto, (max-width: 800px) 100vw, 800px\" \/><\/figure>\n\n\n\n<figure class=\"wp-block-image size-large\"><img loading=\"lazy\" decoding=\"async\" width=\"1024\" height=\"640\" src=\"http:\/\/mimo-design.fr\/wp-content\/uploads\/2023\/11\/Terrasse-3-origine-1024x640.png\" alt=\"\" class=\"wp-image-68\" srcset=\"https:\/\/mimo-design.fr\/wp-content\/uploads\/2023\/11\/Terrasse-3-origine-1024x640.png 1024w, https:\/\/mimo-design.fr\/wp-content\/uploads\/2023\/11\/Terrasse-3-origine-300x188.png 300w, https:\/\/mimo-design.fr\/wp-content\/uploads\/2023\/11\/Terrasse-3-origine-768x480.png 768w, https:\/\/mimo-design.fr\/wp-content\/uploads\/2023\/11\/Terrasse-3-origine-1536x960.png 1536w, https:\/\/mimo-design.fr\/wp-content\/uploads\/2023\/11\/Terrasse-3-origine-1200x750.png 1200w, https:\/\/mimo-design.fr\/wp-content\/uploads\/2023\/11\/Terrasse-3-origine-1980x1238.png 1980w, https:\/\/mimo-design.fr\/wp-content\/uploads\/2023\/11\/Terrasse-3-origine.png 2000w\" sizes=\"auto, (max-width: 1024px) 100vw, 1024px\" \/><\/figure>\n\n\n\n<figure class=\"wp-block-image size-large\"><img loading=\"lazy\" decoding=\"async\" width=\"1024\" height=\"640\" src=\"http:\/\/mimo-design.fr\/wp-content\/uploads\/2023\/11\/Terrasse-3-1024x640.png\" alt=\"\" class=\"wp-image-69\" srcset=\"https:\/\/mimo-design.fr\/wp-content\/uploads\/2023\/11\/Terrasse-3-1024x640.png 1024w, https:\/\/mimo-design.fr\/wp-content\/uploads\/2023\/11\/Terrasse-3-300x188.png 300w, https:\/\/mimo-design.fr\/wp-content\/uploads\/2023\/11\/Terrasse-3-768x480.png 768w, https:\/\/mimo-design.fr\/wp-content\/uploads\/2023\/11\/Terrasse-3-1536x960.png 1536w, https:\/\/mimo-design.fr\/wp-content\/uploads\/2023\/11\/Terrasse-3-1200x750.png 1200w, https:\/\/mimo-design.fr\/wp-content\/uploads\/2023\/11\/Terrasse-3-1980x1238.png 1980w, https:\/\/mimo-design.fr\/wp-content\/uploads\/2023\/11\/Terrasse-3.png 2000w\" sizes=\"auto, (max-width: 1024px) 100vw, 1024px\" \/><\/figure>\n\n\n\n<figure class=\"wp-block-image size-large\"><img loading=\"lazy\" decoding=\"async\" width=\"1024\" height=\"640\" src=\"http:\/\/mimo-design.fr\/wp-content\/uploads\/2023\/11\/Terrasse-2-1024x640.png\" alt=\"\" class=\"wp-image-67\" srcset=\"https:\/\/mimo-design.fr\/wp-content\/uploads\/2023\/11\/Terrasse-2-1024x640.png 1024w, https:\/\/mimo-design.fr\/wp-content\/uploads\/2023\/11\/Terrasse-2-300x188.png 300w, https:\/\/mimo-design.fr\/wp-content\/uploads\/2023\/11\/Terrasse-2-768x480.png 768w, https:\/\/mimo-design.fr\/wp-content\/uploads\/2023\/11\/Terrasse-2-1536x960.png 1536w, https:\/\/mimo-design.fr\/wp-content\/uploads\/2023\/11\/Terrasse-2-1200x750.png 1200w, https:\/\/mimo-design.fr\/wp-content\/uploads\/2023\/11\/Terrasse-2-1980x1238.png 1980w, https:\/\/mimo-design.fr\/wp-content\/uploads\/2023\/11\/Terrasse-2.png 2000w\" sizes=\"auto, (max-width: 1024px) 100vw, 1024px\" \/><\/figure>\n\n\n\n<figure class=\"wp-block-image size-full\"><img loading=\"lazy\" decoding=\"async\" width=\"1000\" height=\"1000\" src=\"https:\/\/mimo-design.fr\/wp-content\/uploads\/2024\/11\/Maison-FredManu-11.jpg\" alt=\"\" class=\"wp-image-243\" srcset=\"https:\/\/mimo-design.fr\/wp-content\/uploads\/2024\/11\/Maison-FredManu-11.jpg 1000w, https:\/\/mimo-design.fr\/wp-content\/uploads\/2024\/11\/Maison-FredManu-11-300x300.jpg 300w, https:\/\/mimo-design.fr\/wp-content\/uploads\/2024\/11\/Maison-FredManu-11-150x150.jpg 150w, https:\/\/mimo-design.fr\/wp-content\/uploads\/2024\/11\/Maison-FredManu-11-768x768.jpg 768w\" sizes=\"auto, (max-width: 1000px) 100vw, 1000px\" \/><\/figure>\n\n\n\n<figure class=\"wp-block-image size-full\"><img loading=\"lazy\" decoding=\"async\" width=\"1000\" height=\"1000\" src=\"https:\/\/mimo-design.fr\/wp-content\/uploads\/2024\/11\/Maison-FredManu-7.jpg\" alt=\"\" class=\"wp-image-244\" srcset=\"https:\/\/mimo-design.fr\/wp-content\/uploads\/2024\/11\/Maison-FredManu-7.jpg 1000w, https:\/\/mimo-design.fr\/wp-content\/uploads\/2024\/11\/Maison-FredManu-7-300x300.jpg 300w, https:\/\/mimo-design.fr\/wp-content\/uploads\/2024\/11\/Maison-FredManu-7-150x150.jpg 150w, https:\/\/mimo-design.fr\/wp-content\/uploads\/2024\/11\/Maison-FredManu-7-768x768.jpg 768w\" sizes=\"auto, (max-width: 1000px) 100vw, 1000px\" \/><\/figure>\n\n\n\n<figure class=\"wp-block-image size-full\"><img loading=\"lazy\" decoding=\"async\" width=\"1000\" height=\"1000\" src=\"https:\/\/mimo-design.fr\/wp-content\/uploads\/2024\/11\/Maison-FredManu-14.jpg\" alt=\"\" class=\"wp-image-245\" srcset=\"https:\/\/mimo-design.fr\/wp-content\/uploads\/2024\/11\/Maison-FredManu-14.jpg 1000w, https:\/\/mimo-design.fr\/wp-content\/uploads\/2024\/11\/Maison-FredManu-14-300x300.jpg 300w, https:\/\/mimo-design.fr\/wp-content\/uploads\/2024\/11\/Maison-FredManu-14-150x150.jpg 150w, https:\/\/mimo-design.fr\/wp-content\/uploads\/2024\/11\/Maison-FredManu-14-768x768.jpg 768w\" sizes=\"auto, (max-width: 1000px) 100vw, 1000px\" \/><\/figure>\n\n\n\n<figure class=\"wp-block-image size-full\"><img loading=\"lazy\" decoding=\"async\" width=\"1000\" height=\"800\" src=\"https:\/\/mimo-design.fr\/wp-content\/uploads\/2024\/11\/3-4-AV.png\" alt=\"\" class=\"wp-image-246\" srcset=\"https:\/\/mimo-design.fr\/wp-content\/uploads\/2024\/11\/3-4-AV.png 1000w, https:\/\/mimo-design.fr\/wp-content\/uploads\/2024\/11\/3-4-AV-300x240.png 300w, https:\/\/mimo-design.fr\/wp-content\/uploads\/2024\/11\/3-4-AV-768x614.png 768w\" sizes=\"auto, (max-width: 1000px) 100vw, 1000px\" \/><\/figure>\n\n\n\n<figure class=\"wp-block-image size-full\"><img loading=\"lazy\" decoding=\"async\" width=\"1000\" height=\"800\" src=\"https:\/\/mimo-design.fr\/wp-content\/uploads\/2024\/11\/3-4-AP-V3.png\" alt=\"\" class=\"wp-image-247\" srcset=\"https:\/\/mimo-design.fr\/wp-content\/uploads\/2024\/11\/3-4-AP-V3.png 1000w, https:\/\/mimo-design.fr\/wp-content\/uploads\/2024\/11\/3-4-AP-V3-300x240.png 300w, https:\/\/mimo-design.fr\/wp-content\/uploads\/2024\/11\/3-4-AP-V3-768x614.png 768w\" sizes=\"auto, (max-width: 1000px) 100vw, 1000px\" \/><\/figure>\n\n\n\n<figure class=\"wp-block-image size-large\"><img loading=\"lazy\" decoding=\"async\" width=\"1024\" height=\"543\" src=\"https:\/\/mimo-design.fr\/wp-content\/uploads\/2024\/11\/Av-et-AP-1024x543.png\" alt=\"\" class=\"wp-image-249\" srcset=\"https:\/\/mimo-design.fr\/wp-content\/uploads\/2024\/11\/Av-et-AP-1024x543.png 1024w, https:\/\/mimo-design.fr\/wp-content\/uploads\/2024\/11\/Av-et-AP-300x159.png 300w, https:\/\/mimo-design.fr\/wp-content\/uploads\/2024\/11\/Av-et-AP-768x407.png 768w, https:\/\/mimo-design.fr\/wp-content\/uploads\/2024\/11\/Av-et-AP.png 1082w\" sizes=\"auto, (max-width: 1024px) 100vw, 1024px\" \/><\/figure>\n\n\n<\/div>\n","protected":false},"excerpt":{"rendered":"<p>Transformez vos espaces ext\u00e9rieurs avec notre service de conception en 3D. Nous cr\u00e9ons des visualisations r\u00e9alistes pour vos projets d&#8217;am\u00e9nagement et vous accompagnons dans l&#8217;obtention de permis de travaux. Que vous soyez particulier ou professionnel, nos designs personnalis\u00e9s et d\u00e9taill\u00e9s assurent des r\u00e9sultats esth\u00e9tiques et conformes aux r\u00e9glementations. Faites de vos projets une r\u00e9alit\u00e9 avec [&hellip;]<\/p>\n","protected":false},"author":1,"featured_media":0,"parent":0,"menu_order":0,"comment_status":"closed","ping_status":"closed","template":"","meta":{"footnotes":""},"class_list":["post-206","page","type-page","status-publish","hentry"],"_links":{"self":[{"href":"https:\/\/mimo-design.fr\/index.php\/wp-json\/wp\/v2\/pages\/206","targetHints":{"allow":["GET"]}}],"collection":[{"href":"https:\/\/mimo-design.fr\/index.php\/wp-json\/wp\/v2\/pages"}],"about":[{"href":"https:\/\/mimo-design.fr\/index.php\/wp-json\/wp\/v2\/types\/page"}],"author":[{"embeddable":true,"href":"https:\/\/mimo-design.fr\/index.php\/wp-json\/wp\/v2\/users\/1"}],"replies":[{"embeddable":true,"href":"https:\/\/mimo-design.fr\/index.php\/wp-json\/wp\/v2\/comments?post=206"}],"version-history":[{"count":8,"href":"https:\/\/mimo-design.fr\/index.php\/wp-json\/wp\/v2\/pages\/206\/revisions"}],"predecessor-version":[{"id":252,"href":"https:\/\/mimo-design.fr\/index.php\/wp-json\/wp\/v2\/pages\/206\/revisions\/252"}],"wp:attachment":[{"href":"https:\/\/mimo-design.fr\/index.php\/wp-json\/wp\/v2\/media?parent=206"}],"curies":[{"name":"wp","href":"https:\/\/api.w.org\/{rel}","templated":true}]}}