{"id":222,"date":"2024-11-13T11:32:34","date_gmt":"2024-11-13T10:32:34","guid":{"rendered":"https:\/\/mimo-design.fr\/?page_id=222"},"modified":"2024-12-04T11:52:28","modified_gmt":"2024-12-04T10:52:28","slug":"design-produit-en-conception-3d","status":"publish","type":"page","link":"https:\/\/mimo-design.fr\/index.php\/design-produit-en-conception-3d\/","title":{"rendered":"Design Produit en Conception 3D"},"content":{"rendered":"<div class=\"wp-block-image is-style-rounded\">\n<figure class=\"aligncenter size-full is-resized\"><img loading=\"lazy\" decoding=\"async\" width=\"549\" height=\"527\" src=\"https:\/\/mimo-design.fr\/wp-content\/uploads\/2024\/11\/Design-produit-3-edited-5.png\" alt=\"\" class=\"wp-image-224\" style=\"width:276px;height:auto\" srcset=\"https:\/\/mimo-design.fr\/wp-content\/uploads\/2024\/11\/Design-produit-3-edited-5.png 549w, https:\/\/mimo-design.fr\/wp-content\/uploads\/2024\/11\/Design-produit-3-edited-5-300x288.png 300w\" sizes=\"auto, (max-width: 549px) 100vw, 549px\" \/><\/figure>\n<\/div>\n\n\n<h4 class=\"wp-block-heading alignwide has-primary-color has-text-color has-link-color wp-elements-dd4edfb6de91c41265c0e8a1e27d2425\">Transformez vos id\u00e9es en r\u00e9alit\u00e9 avec notre service de conception 3D.                                                                                                             Que vous soyez particulier ou professionnel, nous cr\u00e9ons des produits innovants et personnalis\u00e9s, pr\u00eats pour la production.  Gr\u00e2ce \u00e0 notre expertise et \u00e0 des outils de pointe, chaque design est optimis\u00e9 pour allier esth\u00e9tique, fonctionnalit\u00e9 et efficacit\u00e9. Laissez nous concr\u00e9tiser vos projets avec la pr\u00e9cision et la cr\u00e9ativit\u00e9 de la 3D.<\/h4>\n\n\n\n<div class=\"wp-block-group is-layout-grid wp-container-core-group-is-layout-a4cfb915 wp-block-group-is-layout-grid\">\n<figure class=\"wp-block-image size-full wp-container-content-22a8b0d6\"><img loading=\"lazy\" decoding=\"async\" width=\"800\" height=\"800\" src=\"http:\/\/mimo-design.fr\/wp-content\/uploads\/2023\/11\/Support-V12-10.png\" alt=\"\" class=\"wp-image-62\" srcset=\"https:\/\/mimo-design.fr\/wp-content\/uploads\/2023\/11\/Support-V12-10.png 800w, https:\/\/mimo-design.fr\/wp-content\/uploads\/2023\/11\/Support-V12-10-300x300.png 300w, https:\/\/mimo-design.fr\/wp-content\/uploads\/2023\/11\/Support-V12-10-150x150.png 150w, https:\/\/mimo-design.fr\/wp-content\/uploads\/2023\/11\/Support-V12-10-768x768.png 768w\" sizes=\"auto, (max-width: 800px) 100vw, 800px\" \/><\/figure>\n\n\n\n<figure class=\"wp-block-image size-full wp-container-content-22a8b0d6\"><img loading=\"lazy\" decoding=\"async\" width=\"807\" height=\"645\" src=\"https:\/\/mimo-design.fr\/wp-content\/uploads\/2024\/11\/table-stand-4-edited.png\" alt=\"\" class=\"wp-image-238\" srcset=\"https:\/\/mimo-design.fr\/wp-content\/uploads\/2024\/11\/table-stand-4-edited.png 807w, https:\/\/mimo-design.fr\/wp-content\/uploads\/2024\/11\/table-stand-4-edited-300x240.png 300w, https:\/\/mimo-design.fr\/wp-content\/uploads\/2024\/11\/table-stand-4-edited-768x614.png 768w\" sizes=\"auto, (max-width: 807px) 100vw, 807px\" \/><\/figure>\n\n\n\n<figure class=\"wp-block-image size-large\"><img loading=\"lazy\" decoding=\"async\" width=\"1024\" height=\"683\" src=\"https:\/\/mimo-design.fr\/wp-content\/uploads\/2024\/11\/Antoine-1-1024x683.png\" alt=\"\" class=\"wp-image-254\" srcset=\"https:\/\/mimo-design.fr\/wp-content\/uploads\/2024\/11\/Antoine-1-1024x683.png 1024w, https:\/\/mimo-design.fr\/wp-content\/uploads\/2024\/11\/Antoine-1-300x200.png 300w, https:\/\/mimo-design.fr\/wp-content\/uploads\/2024\/11\/Antoine-1-768x512.png 768w, https:\/\/mimo-design.fr\/wp-content\/uploads\/2024\/11\/Antoine-1.png 1200w\" sizes=\"auto, (max-width: 1024px) 100vw, 1024px\" \/><\/figure>\n\n\n\n<figure class=\"wp-block-image size-full\"><img loading=\"lazy\" decoding=\"async\" width=\"800\" height=\"800\" src=\"https:\/\/mimo-design.fr\/wp-content\/uploads\/2024\/11\/Chaise-ortho-v4-3.jpg\" alt=\"\" class=\"wp-image-255\" srcset=\"https:\/\/mimo-design.fr\/wp-content\/uploads\/2024\/11\/Chaise-ortho-v4-3.jpg 800w, https:\/\/mimo-design.fr\/wp-content\/uploads\/2024\/11\/Chaise-ortho-v4-3-300x300.jpg 300w, https:\/\/mimo-design.fr\/wp-content\/uploads\/2024\/11\/Chaise-ortho-v4-3-150x150.jpg 150w, https:\/\/mimo-design.fr\/wp-content\/uploads\/2024\/11\/Chaise-ortho-v4-3-768x768.jpg 768w\" sizes=\"auto, (max-width: 800px) 100vw, 800px\" \/><\/figure>\n\n\n\n<figure class=\"wp-block-image size-large\"><img loading=\"lazy\" decoding=\"async\" width=\"1024\" height=\"1024\" src=\"https:\/\/mimo-design.fr\/wp-content\/uploads\/2024\/11\/HS-1-1024x1024.png\" alt=\"\" class=\"wp-image-256\" srcset=\"https:\/\/mimo-design.fr\/wp-content\/uploads\/2024\/11\/HS-1-1024x1024.png 1024w, https:\/\/mimo-design.fr\/wp-content\/uploads\/2024\/11\/HS-1-300x300.png 300w, https:\/\/mimo-design.fr\/wp-content\/uploads\/2024\/11\/HS-1-150x150.png 150w, https:\/\/mimo-design.fr\/wp-content\/uploads\/2024\/11\/HS-1-768x768.png 768w, https:\/\/mimo-design.fr\/wp-content\/uploads\/2024\/11\/HS-1-1536x1536.png 1536w, https:\/\/mimo-design.fr\/wp-content\/uploads\/2024\/11\/HS-1-1200x1200.png 1200w, https:\/\/mimo-design.fr\/wp-content\/uploads\/2024\/11\/HS-1-1980x1980.png 1980w, https:\/\/mimo-design.fr\/wp-content\/uploads\/2024\/11\/HS-1.png 2000w\" sizes=\"auto, (max-width: 1024px) 100vw, 1024px\" \/><\/figure>\n\n\n\n<figure class=\"wp-block-image size-full\"><img loading=\"lazy\" decoding=\"async\" width=\"800\" height=\"800\" src=\"https:\/\/mimo-design.fr\/wp-content\/uploads\/2024\/11\/comparatif-2.png\" alt=\"\" class=\"wp-image-257\" srcset=\"https:\/\/mimo-design.fr\/wp-content\/uploads\/2024\/11\/comparatif-2.png 800w, https:\/\/mimo-design.fr\/wp-content\/uploads\/2024\/11\/comparatif-2-300x300.png 300w, https:\/\/mimo-design.fr\/wp-content\/uploads\/2024\/11\/comparatif-2-150x150.png 150w, https:\/\/mimo-design.fr\/wp-content\/uploads\/2024\/11\/comparatif-2-768x768.png 768w\" sizes=\"auto, (max-width: 800px) 100vw, 800px\" \/><\/figure>\n\n\n\n<figure class=\"wp-block-image size-large\"><img loading=\"lazy\" decoding=\"async\" width=\"1024\" height=\"576\" src=\"https:\/\/mimo-design.fr\/wp-content\/uploads\/2024\/11\/Plaque-laterale-1-1024x576.png\" alt=\"\" class=\"wp-image-258\" srcset=\"https:\/\/mimo-design.fr\/wp-content\/uploads\/2024\/11\/Plaque-laterale-1-1024x576.png 1024w, https:\/\/mimo-design.fr\/wp-content\/uploads\/2024\/11\/Plaque-laterale-1-300x169.png 300w, https:\/\/mimo-design.fr\/wp-content\/uploads\/2024\/11\/Plaque-laterale-1-768x432.png 768w, https:\/\/mimo-design.fr\/wp-content\/uploads\/2024\/11\/Plaque-laterale-1-1536x864.png 1536w, https:\/\/mimo-design.fr\/wp-content\/uploads\/2024\/11\/Plaque-laterale-1-2048x1152.png 2048w, https:\/\/mimo-design.fr\/wp-content\/uploads\/2024\/11\/Plaque-laterale-1-1200x675.png 1200w, https:\/\/mimo-design.fr\/wp-content\/uploads\/2024\/11\/Plaque-laterale-1-1980x1114.png 1980w\" sizes=\"auto, (max-width: 1024px) 100vw, 1024px\" \/><\/figure>\n\n\n\n<figure class=\"wp-block-image size-large\"><img loading=\"lazy\" decoding=\"async\" width=\"1024\" height=\"791\" src=\"https:\/\/mimo-design.fr\/wp-content\/uploads\/2024\/11\/Projet-sans-titre-1024x791.png\" alt=\"\" class=\"wp-image-259\" srcset=\"https:\/\/mimo-design.fr\/wp-content\/uploads\/2024\/11\/Projet-sans-titre-1024x791.png 1024w, https:\/\/mimo-design.fr\/wp-content\/uploads\/2024\/11\/Projet-sans-titre-300x232.png 300w, https:\/\/mimo-design.fr\/wp-content\/uploads\/2024\/11\/Projet-sans-titre-768x593.png 768w, https:\/\/mimo-design.fr\/wp-content\/uploads\/2024\/11\/Projet-sans-titre-1200x927.png 1200w, https:\/\/mimo-design.fr\/wp-content\/uploads\/2024\/11\/Projet-sans-titre.png 1398w\" sizes=\"auto, (max-width: 1024px) 100vw, 1024px\" \/><\/figure>\n\n\n\n<figure class=\"wp-block-image size-full\"><img loading=\"lazy\" decoding=\"async\" width=\"800\" height=\"800\" src=\"https:\/\/mimo-design.fr\/wp-content\/uploads\/2024\/11\/Support-Bananes-2.png\" alt=\"\" class=\"wp-image-260\" srcset=\"https:\/\/mimo-design.fr\/wp-content\/uploads\/2024\/11\/Support-Bananes-2.png 800w, https:\/\/mimo-design.fr\/wp-content\/uploads\/2024\/11\/Support-Bananes-2-300x300.png 300w, https:\/\/mimo-design.fr\/wp-content\/uploads\/2024\/11\/Support-Bananes-2-150x150.png 150w, https:\/\/mimo-design.fr\/wp-content\/uploads\/2024\/11\/Support-Bananes-2-768x768.png 768w\" sizes=\"auto, (max-width: 800px) 100vw, 800px\" \/><\/figure>\n\n\n\n<figure class=\"wp-block-image size-large\"><img loading=\"lazy\" decoding=\"async\" width=\"1024\" height=\"1024\" src=\"https:\/\/mimo-design.fr\/wp-content\/uploads\/2024\/12\/Bike-10-1024x1024.jpg\" alt=\"\" class=\"wp-image-268\" srcset=\"https:\/\/mimo-design.fr\/wp-content\/uploads\/2024\/12\/Bike-10-1024x1024.jpg 1024w, https:\/\/mimo-design.fr\/wp-content\/uploads\/2024\/12\/Bike-10-300x300.jpg 300w, https:\/\/mimo-design.fr\/wp-content\/uploads\/2024\/12\/Bike-10-150x150.jpg 150w, https:\/\/mimo-design.fr\/wp-content\/uploads\/2024\/12\/Bike-10-768x768.jpg 768w, https:\/\/mimo-design.fr\/wp-content\/uploads\/2024\/12\/Bike-10.jpg 1200w\" sizes=\"auto, (max-width: 1024px) 100vw, 1024px\" \/><\/figure>\n\n\n\n<figure class=\"wp-block-image size-full\"><img loading=\"lazy\" decoding=\"async\" width=\"1000\" height=\"1000\" src=\"https:\/\/mimo-design.fr\/wp-content\/uploads\/2024\/12\/Bike-14.jpg\" alt=\"\" class=\"wp-image-269\" srcset=\"https:\/\/mimo-design.fr\/wp-content\/uploads\/2024\/12\/Bike-14.jpg 1000w, https:\/\/mimo-design.fr\/wp-content\/uploads\/2024\/12\/Bike-14-300x300.jpg 300w, https:\/\/mimo-design.fr\/wp-content\/uploads\/2024\/12\/Bike-14-150x150.jpg 150w, https:\/\/mimo-design.fr\/wp-content\/uploads\/2024\/12\/Bike-14-768x768.jpg 768w\" sizes=\"auto, (max-width: 1000px) 100vw, 1000px\" \/><\/figure>\n\n\n\n<figure class=\"wp-block-image size-full\"><img loading=\"lazy\" decoding=\"async\" width=\"1000\" height=\"1000\" src=\"https:\/\/mimo-design.fr\/wp-content\/uploads\/2024\/12\/Contamines-Cup-3.png\" alt=\"\" class=\"wp-image-270\" srcset=\"https:\/\/mimo-design.fr\/wp-content\/uploads\/2024\/12\/Contamines-Cup-3.png 1000w, https:\/\/mimo-design.fr\/wp-content\/uploads\/2024\/12\/Contamines-Cup-3-300x300.png 300w, https:\/\/mimo-design.fr\/wp-content\/uploads\/2024\/12\/Contamines-Cup-3-150x150.png 150w, https:\/\/mimo-design.fr\/wp-content\/uploads\/2024\/12\/Contamines-Cup-3-768x768.png 768w\" sizes=\"auto, (max-width: 1000px) 100vw, 1000px\" \/><\/figure>\n\n\n\n<figure class=\"wp-block-image size-large\"><img loading=\"lazy\" decoding=\"async\" width=\"1024\" height=\"576\" src=\"https:\/\/mimo-design.fr\/wp-content\/uploads\/2024\/12\/ErgoM-12-1-1024x576.png\" alt=\"\" class=\"wp-image-271\" srcset=\"https:\/\/mimo-design.fr\/wp-content\/uploads\/2024\/12\/ErgoM-12-1-1024x576.png 1024w, https:\/\/mimo-design.fr\/wp-content\/uploads\/2024\/12\/ErgoM-12-1-300x169.png 300w, https:\/\/mimo-design.fr\/wp-content\/uploads\/2024\/12\/ErgoM-12-1-768x432.png 768w, https:\/\/mimo-design.fr\/wp-content\/uploads\/2024\/12\/ErgoM-12-1-1536x864.png 1536w, https:\/\/mimo-design.fr\/wp-content\/uploads\/2024\/12\/ErgoM-12-1-2048x1152.png 2048w, https:\/\/mimo-design.fr\/wp-content\/uploads\/2024\/12\/ErgoM-12-1-1200x675.png 1200w, https:\/\/mimo-design.fr\/wp-content\/uploads\/2024\/12\/ErgoM-12-1-1980x1114.png 1980w\" sizes=\"auto, (max-width: 1024px) 100vw, 1024px\" \/><\/figure>\n\n\n\n<figure class=\"wp-block-image size-large\"><img loading=\"lazy\" decoding=\"async\" width=\"1024\" height=\"576\" src=\"https:\/\/mimo-design.fr\/wp-content\/uploads\/2024\/12\/ErgoM-16-1-1024x576.png\" alt=\"\" class=\"wp-image-272\" srcset=\"https:\/\/mimo-design.fr\/wp-content\/uploads\/2024\/12\/ErgoM-16-1-1024x576.png 1024w, https:\/\/mimo-design.fr\/wp-content\/uploads\/2024\/12\/ErgoM-16-1-300x169.png 300w, https:\/\/mimo-design.fr\/wp-content\/uploads\/2024\/12\/ErgoM-16-1-768x432.png 768w, https:\/\/mimo-design.fr\/wp-content\/uploads\/2024\/12\/ErgoM-16-1-1536x864.png 1536w, https:\/\/mimo-design.fr\/wp-content\/uploads\/2024\/12\/ErgoM-16-1-2048x1152.png 2048w, https:\/\/mimo-design.fr\/wp-content\/uploads\/2024\/12\/ErgoM-16-1-1200x675.png 1200w, https:\/\/mimo-design.fr\/wp-content\/uploads\/2024\/12\/ErgoM-16-1-1980x1114.png 1980w\" sizes=\"auto, (max-width: 1024px) 100vw, 1024px\" \/><\/figure>\n\n\n\n<figure class=\"wp-block-image size-large\"><img loading=\"lazy\" decoding=\"async\" width=\"1024\" height=\"576\" src=\"https:\/\/mimo-design.fr\/wp-content\/uploads\/2024\/12\/MPC-5-1024x576.png\" alt=\"\" class=\"wp-image-273\" srcset=\"https:\/\/mimo-design.fr\/wp-content\/uploads\/2024\/12\/MPC-5-1024x576.png 1024w, https:\/\/mimo-design.fr\/wp-content\/uploads\/2024\/12\/MPC-5-300x169.png 300w, https:\/\/mimo-design.fr\/wp-content\/uploads\/2024\/12\/MPC-5-768x432.png 768w, https:\/\/mimo-design.fr\/wp-content\/uploads\/2024\/12\/MPC-5-1536x864.png 1536w, https:\/\/mimo-design.fr\/wp-content\/uploads\/2024\/12\/MPC-5-2048x1152.png 2048w, https:\/\/mimo-design.fr\/wp-content\/uploads\/2024\/12\/MPC-5-1200x675.png 1200w, https:\/\/mimo-design.fr\/wp-content\/uploads\/2024\/12\/MPC-5-1980x1114.png 1980w\" sizes=\"auto, (max-width: 1024px) 100vw, 1024px\" \/><\/figure>\n\n\n\n<figure class=\"wp-block-image size-large\"><img loading=\"lazy\" decoding=\"async\" width=\"1024\" height=\"576\" src=\"https:\/\/mimo-design.fr\/wp-content\/uploads\/2024\/12\/MPC-4-1024x576.png\" alt=\"\" class=\"wp-image-274\" srcset=\"https:\/\/mimo-design.fr\/wp-content\/uploads\/2024\/12\/MPC-4-1024x576.png 1024w, https:\/\/mimo-design.fr\/wp-content\/uploads\/2024\/12\/MPC-4-300x169.png 300w, https:\/\/mimo-design.fr\/wp-content\/uploads\/2024\/12\/MPC-4-768x432.png 768w, https:\/\/mimo-design.fr\/wp-content\/uploads\/2024\/12\/MPC-4-1536x864.png 1536w, https:\/\/mimo-design.fr\/wp-content\/uploads\/2024\/12\/MPC-4-2048x1152.png 2048w, https:\/\/mimo-design.fr\/wp-content\/uploads\/2024\/12\/MPC-4-1200x675.png 1200w, https:\/\/mimo-design.fr\/wp-content\/uploads\/2024\/12\/MPC-4-1980x1114.png 1980w\" sizes=\"auto, (max-width: 1024px) 100vw, 1024px\" \/><\/figure>\n\n\n\n<figure class=\"wp-block-image size-large\"><img loading=\"lazy\" decoding=\"async\" width=\"1024\" height=\"576\" src=\"https:\/\/mimo-design.fr\/wp-content\/uploads\/2024\/12\/MPC-1-1024x576.png\" alt=\"\" class=\"wp-image-275\" srcset=\"https:\/\/mimo-design.fr\/wp-content\/uploads\/2024\/12\/MPC-1-1024x576.png 1024w, https:\/\/mimo-design.fr\/wp-content\/uploads\/2024\/12\/MPC-1-300x169.png 300w, https:\/\/mimo-design.fr\/wp-content\/uploads\/2024\/12\/MPC-1-768x432.png 768w, https:\/\/mimo-design.fr\/wp-content\/uploads\/2024\/12\/MPC-1-1536x864.png 1536w, https:\/\/mimo-design.fr\/wp-content\/uploads\/2024\/12\/MPC-1-2048x1152.png 2048w, https:\/\/mimo-design.fr\/wp-content\/uploads\/2024\/12\/MPC-1-1200x675.png 1200w, https:\/\/mimo-design.fr\/wp-content\/uploads\/2024\/12\/MPC-1-1980x1114.png 1980w\" sizes=\"auto, (max-width: 1024px) 100vw, 1024px\" \/><\/figure>\n\n\n\n<figure class=\"wp-block-image size-full\"><img loading=\"lazy\" decoding=\"async\" width=\"800\" height=\"800\" src=\"https:\/\/mimo-design.fr\/wp-content\/uploads\/2024\/12\/tablette-ball-3.png\" alt=\"\" class=\"wp-image-276\" srcset=\"https:\/\/mimo-design.fr\/wp-content\/uploads\/2024\/12\/tablette-ball-3.png 800w, https:\/\/mimo-design.fr\/wp-content\/uploads\/2024\/12\/tablette-ball-3-300x300.png 300w, https:\/\/mimo-design.fr\/wp-content\/uploads\/2024\/12\/tablette-ball-3-150x150.png 150w, https:\/\/mimo-design.fr\/wp-content\/uploads\/2024\/12\/tablette-ball-3-768x768.png 768w\" sizes=\"auto, (max-width: 800px) 100vw, 800px\" \/><\/figure>\n\n\n\n<figure class=\"wp-block-image size-full\"><img loading=\"lazy\" decoding=\"async\" width=\"800\" height=\"800\" src=\"https:\/\/mimo-design.fr\/wp-content\/uploads\/2024\/12\/tablette-ball-5.png\" alt=\"\" class=\"wp-image-277\" srcset=\"https:\/\/mimo-design.fr\/wp-content\/uploads\/2024\/12\/tablette-ball-5.png 800w, https:\/\/mimo-design.fr\/wp-content\/uploads\/2024\/12\/tablette-ball-5-300x300.png 300w, https:\/\/mimo-design.fr\/wp-content\/uploads\/2024\/12\/tablette-ball-5-150x150.png 150w, https:\/\/mimo-design.fr\/wp-content\/uploads\/2024\/12\/tablette-ball-5-768x768.png 768w\" sizes=\"auto, (max-width: 800px) 100vw, 800px\" \/><\/figure>\n\n\n\n<figure class=\"wp-block-image size-full\"><img loading=\"lazy\" decoding=\"async\" width=\"800\" height=\"800\" src=\"https:\/\/mimo-design.fr\/wp-content\/uploads\/2024\/12\/tablette-ball-1.png\" alt=\"\" class=\"wp-image-278\" srcset=\"https:\/\/mimo-design.fr\/wp-content\/uploads\/2024\/12\/tablette-ball-1.png 800w, https:\/\/mimo-design.fr\/wp-content\/uploads\/2024\/12\/tablette-ball-1-300x300.png 300w, https:\/\/mimo-design.fr\/wp-content\/uploads\/2024\/12\/tablette-ball-1-150x150.png 150w, https:\/\/mimo-design.fr\/wp-content\/uploads\/2024\/12\/tablette-ball-1-768x768.png 768w\" sizes=\"auto, (max-width: 800px) 100vw, 800px\" \/><\/figure>\n\n\n\n<figure class=\"wp-block-image size-full\"><img loading=\"lazy\" decoding=\"async\" width=\"800\" height=\"800\" src=\"https:\/\/mimo-design.fr\/wp-content\/uploads\/2024\/12\/Piano-6.png\" alt=\"\" class=\"wp-image-279\" srcset=\"https:\/\/mimo-design.fr\/wp-content\/uploads\/2024\/12\/Piano-6.png 800w, https:\/\/mimo-design.fr\/wp-content\/uploads\/2024\/12\/Piano-6-300x300.png 300w, https:\/\/mimo-design.fr\/wp-content\/uploads\/2024\/12\/Piano-6-150x150.png 150w, https:\/\/mimo-design.fr\/wp-content\/uploads\/2024\/12\/Piano-6-768x768.png 768w\" sizes=\"auto, (max-width: 800px) 100vw, 800px\" \/><\/figure>\n\n\n\n<figure class=\"wp-block-image size-full\"><img loading=\"lazy\" decoding=\"async\" width=\"800\" height=\"800\" src=\"https:\/\/mimo-design.fr\/wp-content\/uploads\/2024\/12\/oeuf-3.png\" alt=\"\" class=\"wp-image-280\" srcset=\"https:\/\/mimo-design.fr\/wp-content\/uploads\/2024\/12\/oeuf-3.png 800w, https:\/\/mimo-design.fr\/wp-content\/uploads\/2024\/12\/oeuf-3-300x300.png 300w, https:\/\/mimo-design.fr\/wp-content\/uploads\/2024\/12\/oeuf-3-150x150.png 150w, https:\/\/mimo-design.fr\/wp-content\/uploads\/2024\/12\/oeuf-3-768x768.png 768w\" sizes=\"auto, (max-width: 800px) 100vw, 800px\" \/><\/figure>\n<\/div>\n","protected":false},"excerpt":{"rendered":"<p>Transformez vos id\u00e9es en r\u00e9alit\u00e9 avec notre service de conception 3D. Que vous soyez particulier ou professionnel, nous cr\u00e9ons des produits innovants et personnalis\u00e9s, pr\u00eats pour la production. Gr\u00e2ce \u00e0 notre expertise et \u00e0 des outils de pointe, chaque design est optimis\u00e9 pour allier esth\u00e9tique, fonctionnalit\u00e9 et efficacit\u00e9. Laissez nous concr\u00e9tiser vos projets avec la [&hellip;]<\/p>\n","protected":false},"author":1,"featured_media":0,"parent":0,"menu_order":0,"comment_status":"closed","ping_status":"closed","template":"","meta":{"footnotes":""},"class_list":["post-222","page","type-page","status-publish","hentry"],"_links":{"self":[{"href":"https:\/\/mimo-design.fr\/index.php\/wp-json\/wp\/v2\/pages\/222","targetHints":{"allow":["GET"]}}],"collection":[{"href":"https:\/\/mimo-design.fr\/index.php\/wp-json\/wp\/v2\/pages"}],"about":[{"href":"https:\/\/mimo-design.fr\/index.php\/wp-json\/wp\/v2\/types\/page"}],"author":[{"embeddable":true,"href":"https:\/\/mimo-design.fr\/index.php\/wp-json\/wp\/v2\/users\/1"}],"replies":[{"embeddable":true,"href":"https:\/\/mimo-design.fr\/index.php\/wp-json\/wp\/v2\/comments?post=222"}],"version-history":[{"count":7,"href":"https:\/\/mimo-design.fr\/index.php\/wp-json\/wp\/v2\/pages\/222\/revisions"}],"predecessor-version":[{"id":281,"href":"https:\/\/mimo-design.fr\/index.php\/wp-json\/wp\/v2\/pages\/222\/revisions\/281"}],"wp:attachment":[{"href":"https:\/\/mimo-design.fr\/index.php\/wp-json\/wp\/v2\/media?parent=222"}],"curies":[{"name":"wp","href":"https:\/\/api.w.org\/{rel}","templated":true}]}}