{"id":229,"date":"2024-11-13T11:40:50","date_gmt":"2024-11-13T10:40:50","guid":{"rendered":"https:\/\/mimo-design.fr\/?page_id=229"},"modified":"2024-12-04T12:19:23","modified_gmt":"2024-12-04T11:19:23","slug":"creation-de-logos-personnalises-2","status":"publish","type":"page","link":"https:\/\/mimo-design.fr\/index.php\/creation-de-logos-personnalises-2\/","title":{"rendered":"Cr\u00e9ation de Logos Personnalis\u00e9s"},"content":{"rendered":"<div class=\"wp-block-image is-style-rounded\">\n<figure class=\"aligncenter size-full is-resized\"><img loading=\"lazy\" decoding=\"async\" width=\"529\" height=\"525\" src=\"http:\/\/mimo-design.fr\/wp-content\/uploads\/2024\/11\/Creation-logo-3-2-edited.png\" alt=\"\" class=\"wp-image-201\" style=\"width:274px;height:auto\" srcset=\"https:\/\/mimo-design.fr\/wp-content\/uploads\/2024\/11\/Creation-logo-3-2-edited.png 529w, https:\/\/mimo-design.fr\/wp-content\/uploads\/2024\/11\/Creation-logo-3-2-edited-300x298.png 300w, https:\/\/mimo-design.fr\/wp-content\/uploads\/2024\/11\/Creation-logo-3-2-edited-150x150.png 150w\" sizes=\"auto, (max-width: 529px) 100vw, 529px\" \/><\/figure>\n<\/div>\n\n\n<h4 class=\"wp-block-heading alignwide has-primary-color has-text-color has-link-color wp-elements-8e7b3ef1a705b701371aaad69fc2f1ec\">Donnez vie \u00e0 votre marque avec des logos uniques et m\u00e9morables.                                                                                                                    Que vous soyez une entreprise ou un particulier, notre service de cr\u00e9ation de logos met en avant votre identit\u00e9 gr\u00e2ce \u00e0 des designs sur mesure, innovants et professionnels.                           Chaque logo est con\u00e7u pour captiver, inspirer et laisser une impression durable.<\/h4>\n\n\n\n<figure class=\"wp-block-gallery has-nested-images columns-default is-cropped wp-block-gallery-1 is-layout-flex wp-block-gallery-is-layout-flex\">\n<figure class=\"wp-block-image size-large\"><img loading=\"lazy\" decoding=\"async\" width=\"1024\" height=\"1024\" data-id=\"299\" src=\"https:\/\/mimo-design.fr\/wp-content\/uploads\/2024\/12\/ADT-V10-1024x1024.png\" alt=\"\" class=\"wp-image-299\" srcset=\"https:\/\/mimo-design.fr\/wp-content\/uploads\/2024\/12\/ADT-V10-1024x1024.png 1024w, https:\/\/mimo-design.fr\/wp-content\/uploads\/2024\/12\/ADT-V10-300x300.png 300w, https:\/\/mimo-design.fr\/wp-content\/uploads\/2024\/12\/ADT-V10-150x150.png 150w, https:\/\/mimo-design.fr\/wp-content\/uploads\/2024\/12\/ADT-V10-768x768.png 768w, https:\/\/mimo-design.fr\/wp-content\/uploads\/2024\/12\/ADT-V10-1536x1536.png 1536w, https:\/\/mimo-design.fr\/wp-content\/uploads\/2024\/12\/ADT-V10-2048x2048.png 2048w, https:\/\/mimo-design.fr\/wp-content\/uploads\/2024\/12\/ADT-V10-1200x1200.png 1200w, https:\/\/mimo-design.fr\/wp-content\/uploads\/2024\/12\/ADT-V10-1980x1980.png 1980w\" sizes=\"auto, (max-width: 1024px) 100vw, 1024px\" \/><\/figure>\n\n\n\n<figure class=\"wp-block-image size-large\"><img loading=\"lazy\" decoding=\"async\" width=\"1024\" height=\"768\" data-id=\"297\" src=\"https:\/\/mimo-design.fr\/wp-content\/uploads\/2024\/12\/Logo-2-1024x768.jpg\" alt=\"\" class=\"wp-image-297\" srcset=\"https:\/\/mimo-design.fr\/wp-content\/uploads\/2024\/12\/Logo-2-1024x768.jpg 1024w, https:\/\/mimo-design.fr\/wp-content\/uploads\/2024\/12\/Logo-2-300x225.jpg 300w, https:\/\/mimo-design.fr\/wp-content\/uploads\/2024\/12\/Logo-2-768x576.jpg 768w, https:\/\/mimo-design.fr\/wp-content\/uploads\/2024\/12\/Logo-2.jpg 1152w\" sizes=\"auto, (max-width: 1024px) 100vw, 1024px\" \/><\/figure>\n\n\n\n<figure class=\"wp-block-image size-large\"><img loading=\"lazy\" decoding=\"async\" width=\"1000\" height=\"1000\" data-id=\"298\" src=\"https:\/\/mimo-design.fr\/wp-content\/uploads\/2024\/12\/Logo-Elvis-v2-2.png\" alt=\"\" class=\"wp-image-298\" srcset=\"https:\/\/mimo-design.fr\/wp-content\/uploads\/2024\/12\/Logo-Elvis-v2-2.png 1000w, https:\/\/mimo-design.fr\/wp-content\/uploads\/2024\/12\/Logo-Elvis-v2-2-300x300.png 300w, https:\/\/mimo-design.fr\/wp-content\/uploads\/2024\/12\/Logo-Elvis-v2-2-150x150.png 150w, https:\/\/mimo-design.fr\/wp-content\/uploads\/2024\/12\/Logo-Elvis-v2-2-768x768.png 768w\" sizes=\"auto, (max-width: 1000px) 100vw, 1000px\" \/><\/figure>\n\n\n\n<figure class=\"wp-block-image size-large\"><img loading=\"lazy\" decoding=\"async\" width=\"800\" height=\"800\" data-id=\"304\" src=\"https:\/\/mimo-design.fr\/wp-content\/uploads\/2024\/12\/logo-thibs-12.png\" alt=\"\" class=\"wp-image-304\" srcset=\"https:\/\/mimo-design.fr\/wp-content\/uploads\/2024\/12\/logo-thibs-12.png 800w, https:\/\/mimo-design.fr\/wp-content\/uploads\/2024\/12\/logo-thibs-12-300x300.png 300w, https:\/\/mimo-design.fr\/wp-content\/uploads\/2024\/12\/logo-thibs-12-150x150.png 150w, https:\/\/mimo-design.fr\/wp-content\/uploads\/2024\/12\/logo-thibs-12-768x768.png 768w\" sizes=\"auto, (max-width: 800px) 100vw, 800px\" \/><\/figure>\n\n\n\n<figure class=\"wp-block-image size-large\"><img loading=\"lazy\" decoding=\"async\" width=\"1000\" height=\"700\" data-id=\"303\" src=\"https:\/\/mimo-design.fr\/wp-content\/uploads\/2024\/12\/Pomme-9.png\" alt=\"\" class=\"wp-image-303\" srcset=\"https:\/\/mimo-design.fr\/wp-content\/uploads\/2024\/12\/Pomme-9.png 1000w, https:\/\/mimo-design.fr\/wp-content\/uploads\/2024\/12\/Pomme-9-300x210.png 300w, https:\/\/mimo-design.fr\/wp-content\/uploads\/2024\/12\/Pomme-9-768x538.png 768w\" sizes=\"auto, (max-width: 1000px) 100vw, 1000px\" \/><\/figure>\n\n\n\n<figure class=\"wp-block-image size-full is-style-rounded\"><img loading=\"lazy\" decoding=\"async\" width=\"710\" height=\"719\" data-id=\"310\" src=\"https:\/\/mimo-design.fr\/wp-content\/uploads\/2024\/12\/MIMO-10.png\" alt=\"\" class=\"wp-image-310\" srcset=\"https:\/\/mimo-design.fr\/wp-content\/uploads\/2024\/12\/MIMO-10.png 710w, https:\/\/mimo-design.fr\/wp-content\/uploads\/2024\/12\/MIMO-10-296x300.png 296w\" sizes=\"auto, (max-width: 710px) 100vw, 710px\" \/><\/figure>\n\n\n\n<figure class=\"wp-block-image size-large is-style-default\"><img loading=\"lazy\" decoding=\"async\" width=\"1024\" height=\"171\" data-id=\"300\" src=\"https:\/\/mimo-design.fr\/wp-content\/uploads\/2024\/12\/LOGO-Frb-Trans-droite-1024x171.png\" alt=\"\" class=\"wp-image-300\" srcset=\"https:\/\/mimo-design.fr\/wp-content\/uploads\/2024\/12\/LOGO-Frb-Trans-droite-1024x171.png 1024w, https:\/\/mimo-design.fr\/wp-content\/uploads\/2024\/12\/LOGO-Frb-Trans-droite-300x50.png 300w, https:\/\/mimo-design.fr\/wp-content\/uploads\/2024\/12\/LOGO-Frb-Trans-droite-768x128.png 768w, https:\/\/mimo-design.fr\/wp-content\/uploads\/2024\/12\/LOGO-Frb-Trans-droite-1536x256.png 1536w, https:\/\/mimo-design.fr\/wp-content\/uploads\/2024\/12\/LOGO-Frb-Trans-droite-2048x341.png 2048w, https:\/\/mimo-design.fr\/wp-content\/uploads\/2024\/12\/LOGO-Frb-Trans-droite-1200x200.png 1200w, https:\/\/mimo-design.fr\/wp-content\/uploads\/2024\/12\/LOGO-Frb-Trans-droite-1980x330.png 1980w\" sizes=\"auto, (max-width: 1024px) 100vw, 1024px\" \/><\/figure>\n<\/figure>\n\n\n\n<p><\/p>\n","protected":false},"excerpt":{"rendered":"<p>Donnez vie \u00e0 votre marque avec des logos uniques et m\u00e9morables. Que vous soyez une entreprise ou un particulier, notre service de cr\u00e9ation de logos met en avant votre identit\u00e9 gr\u00e2ce \u00e0 des designs sur mesure, innovants et professionnels. Chaque logo est con\u00e7u pour captiver, inspirer et laisser une impression durable.<\/p>\n","protected":false},"author":1,"featured_media":0,"parent":0,"menu_order":0,"comment_status":"closed","ping_status":"closed","template":"","meta":{"footnotes":""},"class_list":["post-229","page","type-page","status-publish","hentry"],"_links":{"self":[{"href":"https:\/\/mimo-design.fr\/index.php\/wp-json\/wp\/v2\/pages\/229","targetHints":{"allow":["GET"]}}],"collection":[{"href":"https:\/\/mimo-design.fr\/index.php\/wp-json\/wp\/v2\/pages"}],"about":[{"href":"https:\/\/mimo-design.fr\/index.php\/wp-json\/wp\/v2\/types\/page"}],"author":[{"embeddable":true,"href":"https:\/\/mimo-design.fr\/index.php\/wp-json\/wp\/v2\/users\/1"}],"replies":[{"embeddable":true,"href":"https:\/\/mimo-design.fr\/index.php\/wp-json\/wp\/v2\/comments?post=229"}],"version-history":[{"count":5,"href":"https:\/\/mimo-design.fr\/index.php\/wp-json\/wp\/v2\/pages\/229\/revisions"}],"predecessor-version":[{"id":311,"href":"https:\/\/mimo-design.fr\/index.php\/wp-json\/wp\/v2\/pages\/229\/revisions\/311"}],"wp:attachment":[{"href":"https:\/\/mimo-design.fr\/index.php\/wp-json\/wp\/v2\/media?parent=229"}],"curies":[{"name":"wp","href":"https:\/\/api.w.org\/{rel}","templated":true}]}}